{"id":7385,"date":"2026-04-20T13:40:50","date_gmt":"2026-04-20T13:40:50","guid":{"rendered":"https:\/\/renault-caudry.fr\/?post_type=product&#038;p=7385"},"modified":"2026-04-20T14:23:07","modified_gmt":"2026-04-20T14:23:07","slug":"renault-arkana-1-6-e-tech-145ch-rs-line","status":"publish","type":"product","link":"https:\/\/renault-caudry.fr\/?product=renault-arkana-1-6-e-tech-145ch-rs-line","title":{"rendered":"RENAULT Arkana 1.6 E-Tech 145ch RS Line"},"content":{"rendered":"<h3>RENAULT Arkana 1.6 E-Tech 145ch RS Line<\/h3>\n<p>&nbsp;<\/p>\n<ul>\n<li class=\"item\"><span class=\"lib\">Marque :<\/span> <span class=\"val\">Renault<\/span><\/li>\n<li class=\"item\"><span class=\"lib\">Mise en circulation :<\/span> <span class=\"val\">31\/05\/2022<\/span><\/li>\n<li class=\"item\"><span class=\"lib\">Mod\u00e8le :<\/span> <span class=\"val\">Arkana (mars 2021)<\/span><\/li>\n<li class=\"item\"><span class=\"lib\">Version :<\/span> <span class=\"val\">1.6 E-Tech 145ch RS Line -21B<\/span><\/li>\n<li class=\"item\"><span class=\"lib\">Kilom\u00e9trage :<\/span> <span class=\"val\">44\u00a0990 km<\/span><\/li>\n<li class=\"item\"><span class=\"lib\">Energie :<\/span> <span class=\"val\">Hybride<\/span><\/li>\n<li class=\"item\"><span class=\"lib\">Transmission :<\/span> <span class=\"val\">Automatique<\/span><\/li>\n<li class=\"item\"><span class=\"lib\">Options :<\/span> <span class=\"val\">Noir M\u00e9tal<\/span><\/li>\n<li>Puissance fiscale : 5CV<\/li>\n<li>Cylindr\u00e9e : 1\u00a0598 cm<sup>3<\/sup><\/li>\n<\/ul>\n<p>&nbsp;<\/p>\n<p>Prix : 22 990 \u20ac TTC<\/p>\n<p>Extension de garantie possible<\/p>\n<p>Financement possible de 24 \u00e0 72 mois<\/p>\n<p>Reprise de votre v\u00e9hicule possible<\/p>\n<p>&nbsp;<\/p>\n<p>&nbsp;<\/p>\n<h3 class=\"equipementVehicule\"><strong>\u00c9quipements de s\u00e9rie :<\/strong><\/h3>\n<div class=\"equipementVehicule\">\n<table class=\"table100\">\n<tbody>\n<tr>\n<td width=\"33.3333333333%\">ABS<\/td>\n<td width=\"33.3333333333%\">Ecran multifonction couleur<\/td>\n<td width=\"33.3333333333%\">R\u00e9gulateur de vitesse adaptatif<\/td>\n<\/tr>\n<tr>\n<td width=\"33.3333333333%\">AFIL<\/td>\n<td width=\"33.3333333333%\">Ecran tactile<\/td>\n<td width=\"33.3333333333%\">R\u00e9p\u00e9titeurs de clignotant dans r\u00e9tro ext<\/td>\n<\/tr>\n<tr>\n<td width=\"33.3333333333%\">Accoudoir arri\u00e8re<\/td>\n<td width=\"33.3333333333%\">Feux de jour \u00e0 LED<\/td>\n<td width=\"33.3333333333%\">R\u00e9troviseur int\u00e9rieur \u00e9lectrochrome<\/td>\n<\/tr>\n<tr>\n<td width=\"33.3333333333%\">Accoudoir central AV<\/td>\n<td width=\"33.3333333333%\">Feux de route automatiques<\/td>\n<td width=\"33.3333333333%\">R\u00e9troviseurs d\u00e9givrants<\/td>\n<\/tr>\n<tr>\n<td width=\"33.3333333333%\">Aide au freinage d&rsquo;urgence<\/td>\n<td width=\"33.3333333333%\">Filtre \u00e0 Pollen<\/td>\n<td width=\"33.3333333333%\">R\u00e9troviseurs rabattables \u00e9lectriquement<\/td>\n<\/tr>\n<tr>\n<td width=\"33.3333333333%\">Airbag conducteur<\/td>\n<td width=\"33.3333333333%\">Filtre \u00e0 particules<\/td>\n<td width=\"33.3333333333%\">R\u00e9troviseurs \u00e9lectriques<\/td>\n<\/tr>\n<tr>\n<td width=\"33.3333333333%\">Airbag passager<\/td>\n<td width=\"33.3333333333%\">Fixation Isofix si\u00e8ge passager avant<\/td>\n<td width=\"33.3333333333%\">Services connect\u00e9s<\/td>\n<\/tr>\n<tr>\n<td width=\"33.3333333333%\">Airbag passager d\u00e9connectable<\/td>\n<td width=\"33.3333333333%\">Fixations Isofix aux places arri\u00e8res<\/td>\n<td width=\"33.3333333333%\">Si\u00e8ge conducteur chauffant<\/td>\n<\/tr>\n<tr>\n<td width=\"33.3333333333%\">Airbags lat\u00e9raux avant<\/td>\n<td width=\"33.3333333333%\">Fonction MP3<\/td>\n<td width=\"33.3333333333%\">Si\u00e8ge conducteur r\u00e9glable en hauteur<\/td>\n<\/tr>\n<tr>\n<td width=\"33.3333333333%\">Airbags rideaux<\/td>\n<td width=\"33.3333333333%\">Freinage automatique d&rsquo;urgence<\/td>\n<td width=\"33.3333333333%\">Si\u00e8ge conducteur \u00e9lectrique<\/td>\n<\/tr>\n<tr>\n<td width=\"33.3333333333%\">Airbags rideaux AR<\/td>\n<td width=\"33.3333333333%\">GPS Cartographique<\/td>\n<td width=\"33.3333333333%\">Si\u00e8ge passager chauffant<\/td>\n<\/tr>\n<tr>\n<td width=\"33.3333333333%\">Antid\u00e9marrage \u00e9lectronique<\/td>\n<td width=\"33.3333333333%\">Guidage pour manoeuvre de stationnement<\/td>\n<td width=\"33.3333333333%\">Si\u00e8ge passager r\u00e9glable en hauteur<\/td>\n<\/tr>\n<tr>\n<td width=\"33.3333333333%\">Antipatinage<\/td>\n<td width=\"33.3333333333%\">Indicateur de limitation de vitesse<\/td>\n<td width=\"33.3333333333%\">Si\u00e8ge passager \u00e0 r\u00e9glages \u00e9lectriques<\/td>\n<\/tr>\n<tr>\n<td width=\"33.3333333333%\">Appel d&rsquo;Urgence Localis\u00e9<\/td>\n<td width=\"33.3333333333%\">Interface Media<\/td>\n<td width=\"33.3333333333%\">Si\u00e8ges sport<\/td>\n<\/tr>\n<tr>\n<td width=\"33.3333333333%\">Appui-t\u00eate conducteur r\u00e9glable hauteur<\/td>\n<td width=\"33.3333333333%\">Jantes Alu<\/td>\n<td width=\"33.3333333333%\">Sortie d&rsquo;\u00e9chappement chrom\u00e9e<\/td>\n<\/tr>\n<tr>\n<td width=\"33.3333333333%\">Appui-t\u00eate passager r\u00e9glable en hauteur<\/td>\n<td width=\"33.3333333333%\">Kit mains-libres Bluetooth<\/td>\n<td width=\"33.3333333333%\">Syst\u00e8me anti-\u00e9blouissement<\/td>\n<\/tr>\n<tr>\n<td width=\"33.3333333333%\">Bacs de portes arri\u00e8re<\/td>\n<td width=\"33.3333333333%\">Lampe de coffre<\/td>\n<td width=\"33.3333333333%\">Syst\u00e8me d&rsquo;acc\u00e8s sans cl\u00e9<\/td>\n<\/tr>\n<tr>\n<td width=\"33.3333333333%\">Bacs de portes avant<\/td>\n<td width=\"33.3333333333%\">Limiteur de vitesse<\/td>\n<td width=\"33.3333333333%\">Syst\u00e8me d&rsquo;alerte de v\u00e9hicule en approche<\/td>\n<\/tr>\n<tr>\n<td width=\"33.3333333333%\">Banquette 1\/3-2\/3<\/td>\n<td width=\"33.3333333333%\">Lunette AR d\u00e9givrante<\/td>\n<td width=\"33.3333333333%\">Syst\u00e8me d&rsquo;assistance au stationnement<\/td>\n<\/tr>\n<tr>\n<td width=\"33.3333333333%\">Banquette AR rabattable<\/td>\n<td width=\"33.3333333333%\">Lunette arri\u00e8re<\/td>\n<td width=\"33.3333333333%\">Syst\u00e8me d&rsquo;\u00e9clairage intelligent<\/td>\n<\/tr>\n<tr>\n<td width=\"33.3333333333%\">Banquette arri\u00e8re 3 places<\/td>\n<td width=\"33.3333333333%\">Lunette arri\u00e8re surteint\u00e9e<\/td>\n<td width=\"33.3333333333%\">Syst\u00e8me de contr\u00f4le des angles morts<\/td>\n<\/tr>\n<tr>\n<td width=\"33.3333333333%\">Bleu Zanzibar<\/td>\n<td width=\"33.3333333333%\">Miroir de courtoisie conducteur \u00e9clair\u00e9<\/td>\n<td width=\"33.3333333333%\">Syst\u00e8me de maintien du v\u00e9hicule en c\u00f4te<\/td>\n<\/tr>\n<tr>\n<td width=\"33.3333333333%\">Boite \u00e0 gant ferm\u00e9e<\/td>\n<td width=\"33.3333333333%\">Miroir de courtoisie passager \u00e9clair\u00e9<\/td>\n<td width=\"33.3333333333%\">Syst\u00e8me de mesure de place disponible<\/td>\n<\/tr>\n<tr>\n<td width=\"33.3333333333%\">Boucliers AV et AR couleur caisse<\/td>\n<td width=\"33.3333333333%\">Mixte cuir-su\u00e9dine Noir surpiqu\u00e9s rouge<\/td>\n<td width=\"33.3333333333%\">TMC<\/td>\n<\/tr>\n<tr>\n<td width=\"33.3333333333%\">Cam\u00e9ra de recul<\/td>\n<td width=\"33.3333333333%\">Ouverture des vitres s\u00e9quentielle<\/td>\n<td width=\"33.3333333333%\">Tablette cache bagages<\/td>\n<\/tr>\n<tr>\n<td width=\"33.3333333333%\">Capteur de luminosit\u00e9<\/td>\n<td width=\"33.3333333333%\">Phares avant LED<\/td>\n<td width=\"33.3333333333%\">Temp\u00e9rature ext\u00e9rieure<\/td>\n<\/tr>\n<tr>\n<td width=\"33.3333333333%\">Capteur de pluie<\/td>\n<td width=\"33.3333333333%\">Plafonnier central AV et AR \u00e0 LED<\/td>\n<td width=\"33.3333333333%\">Troisi\u00e8me ceinture de s\u00e9curit\u00e9<\/td>\n<\/tr>\n<tr>\n<td width=\"33.3333333333%\">Ceintures avant ajustables en hauteur<\/td>\n<td width=\"33.3333333333%\">Poches d&rsquo;aumoni\u00e8res<\/td>\n<td width=\"33.3333333333%\">T\u00e9moin de bouclage des ceintures AV<\/td>\n<\/tr>\n<tr>\n<td width=\"33.3333333333%\">Clim automatique<\/td>\n<td width=\"33.3333333333%\">Poign\u00e9es ton carrosserie<\/td>\n<td width=\"33.3333333333%\">Verrouillage auto. des portes en roulant<\/td>\n<\/tr>\n<tr>\n<td width=\"33.3333333333%\">Commande Mode ECO<\/td>\n<td width=\"33.3333333333%\">Pommeau de levier vitesse en cuir<\/td>\n<td width=\"33.3333333333%\">Verrouillage centralis\u00e9 des portes<\/td>\n<\/tr>\n<tr>\n<td width=\"33.3333333333%\">Commande du comportement dynamique<\/td>\n<td width=\"33.3333333333%\">Porte-gobelets arri\u00e8re<\/td>\n<td width=\"33.3333333333%\">Verrouillage centralis\u00e9 \u00e0 distance<\/td>\n<\/tr>\n<tr>\n<td width=\"33.3333333333%\">Commandes du syst\u00e8me audio au volant<\/td>\n<td width=\"33.3333333333%\">Porte-gobelets avant<\/td>\n<td width=\"33.3333333333%\">Vitres arri\u00e8re surteint\u00e9es<\/td>\n<\/tr>\n<tr>\n<td width=\"33.3333333333%\">Compte tours<\/td>\n<td width=\"33.3333333333%\">Prise USB<\/td>\n<td width=\"33.3333333333%\">Vitres arri\u00e8re \u00e9lectriques<\/td>\n<\/tr>\n<tr>\n<td width=\"33.3333333333%\">Contr\u00f4le de freinage en courbe<\/td>\n<td width=\"33.3333333333%\">Prise auxiliaire de connexion audio<\/td>\n<td width=\"33.3333333333%\">Vitres avant \u00e9lectriques<\/td>\n<\/tr>\n<tr>\n<td width=\"33.3333333333%\">D\u00e9marrage sans cl\u00e9<\/td>\n<td width=\"33.3333333333%\">P\u00e9dalier sport<\/td>\n<td width=\"33.3333333333%\">Vitres teint\u00e9es<\/td>\n<\/tr>\n<tr>\n<td width=\"33.3333333333%\">D\u00e9tecteur de sous-gonflage<\/td>\n<td width=\"33.3333333333%\">Radar de distance<\/td>\n<td width=\"33.3333333333%\">Volant cuir<\/td>\n<\/tr>\n<tr>\n<td width=\"33.3333333333%\">EBD<\/td>\n<td width=\"33.3333333333%\">Radar de stationnement AR<\/td>\n<td width=\"33.3333333333%\">Volant multifonction<\/td>\n<\/tr>\n<tr>\n<td width=\"33.3333333333%\">ESP<\/td>\n<td width=\"33.3333333333%\">Radar de stationnement AV<\/td>\n<td width=\"33.3333333333%\">Volant r\u00e9glable en profondeur et hauteur<\/td>\n<\/tr>\n<tr>\n<td width=\"33.3333333333%\">Echappement \u00e0 double sortie<\/td>\n<td width=\"33.3333333333%\">Radio num\u00e9rique DAB<\/td>\n<td class=\"noBullet\"><\/td>\n<\/tr>\n<tr>\n<td width=\"33.3333333333%\">Eclairage d&rsquo;ambiance<\/td>\n<td width=\"33.3333333333%\">Reconnaissance panneaux de signalisation<\/td>\n<td class=\"noBullet\"><\/td>\n<\/tr>\n<\/tbody>\n<\/table>\n<\/div>\n<div class=\"equipementVehicule\">\n<p><strong>\u00c9quipements en option\u00a0:<\/strong><\/p>\n<table class=\"table100\">\n<tbody>\n<tr>\n<td width=\"33.3333333333%\">Noir M\u00e9tal <small>(650\u00a0\u20ac\u00a0TTC)<\/small><\/td>\n<\/tr>\n<tr>\n<td width=\"33.3333333333%\">Toit Noir <small>(400\u00a0\u20ac\u00a0TTC)<\/small><\/td>\n<\/tr>\n<\/tbody>\n<\/table>\n<\/div>\n","protected":false},"excerpt":{"rendered":"<p class=\"price\">Descriptions du produit ci-dessous<\/p>\n<p class=\"price\"><span style=\"font-size: 16px;\">Pour tout renseignement, n\u2019h\u00e9sitez pas \u00e0 nous contacter:<\/span><\/p>\n<div class=\"woocommerce-product-details__short-description\">\n<p>PLUVINAGE Philippe : 06.84.18.23.29<\/p>\n<p>Concession Renault Tierce Caudry<\/p>\n<p><a tabindex=\"0\" href=\"https:\/\/www.google.com\/maps\/place\/\/data=!4m2!3m1!1s0x47c29993e5df2d19:0x7510f50791f8892a?sa=X&amp;ved=1t:8290&amp;ictx=111\" data-url=\"\/maps\/place\/\/data=!4m2!3m1!1s0x47c29993e5df2d19:0x7510f50791f8892a?sa=X&amp;ved=2ahUKEwioy5r4ju-EAxUNfKQEHTWSBGcQ4kB6BAgQEAA\" data-jsarwt=\"1\" data-usg=\"AOvVaw0NGIlR47yAi2GUetTrh2kG\" data-ved=\"2ahUKEwioy5r4ju-EAxUNfKQEHTWSBGcQ4kB6BAhPEAM\">57 Rte de Clary, 59540 Caudry<\/a><\/p>\n<p>Lundi au Samedi de 8h00- 12h00, 14h00-18h00<\/p>\n<\/div>\n","protected":false},"featured_media":6803,"template":"","meta":{"site-sidebar-layout":"default","site-content-layout":"","ast-site-content-layout":"default","site-content-style":"default","site-sidebar-style":"default","ast-global-header-display":"","ast-banner-title-visibility":"","ast-main-header-display":"","ast-hfb-above-header-display":"","ast-hfb-below-header-display":"","ast-hfb-mobile-header-display":"","site-post-title":"","ast-breadcrumbs-content":"","ast-featured-img":"","footer-sml-layout":"","theme-transparent-header-meta":"default","adv-header-id-meta":"","stick-header-meta":"","header-above-stick-meta":"","header-main-stick-meta":"","header-below-stick-meta":"","astra-migrate-meta-layouts":"set","ast-page-background-enabled":"default","ast-page-background-meta":{"desktop":{"background-color":"","background-image":"","background-repeat":"repeat","background-position":"center center","background-size":"auto","background-attachment":"scroll","background-type":"","background-media":"","overlay-type":"","overlay-color":"","overlay-opacity":"","overlay-gradient":""},"tablet":{"background-color":"","background-image":"","background-repeat":"repeat","background-position":"center center","background-size":"auto","background-attachment":"scroll","background-type":"","background-media":"","overlay-type":"","overlay-color":"","overlay-opacity":"","overlay-gradient":""},"mobile":{"background-color":"","background-image":"","background-repeat":"repeat","background-position":"center center","background-size":"auto","background-attachment":"scroll","background-type":"","background-media":"","overlay-type":"","overlay-color":"","overlay-opacity":"","overlay-gradient":""}},"ast-content-background-meta":{"desktop":{"background-color":"var(--ast-global-color-5)","background-image":"","background-repeat":"repeat","background-position":"center center","background-size":"auto","background-attachment":"scroll","background-type":"","background-media":"","overlay-type":"","overlay-color":"","overlay-opacity":"","overlay-gradient":""},"tablet":{"background-color":"var(--ast-global-color-5)","background-image":"","background-repeat":"repeat","background-position":"center center","background-size":"auto","background-attachment":"scroll","background-type":"","background-media":"","overlay-type":"","overlay-color":"","overlay-opacity":"","overlay-gradient":""},"mobile":{"background-color":"var(--ast-global-color-5)","background-image":"","background-repeat":"repeat","background-position":"center center","background-size":"auto","background-attachment":"scroll","background-type":"","background-media":"","overlay-type":"","overlay-color":"","overlay-opacity":"","overlay-gradient":""}}},"product_cat":[46],"product_tag":[],"class_list":{"0":"post-7385","1":"product","2":"type-product","3":"status-publish","4":"has-post-thumbnail","6":"product_cat-occasion","7":"desktop-align-left","8":"tablet-align-left","9":"mobile-align-left","11":"first","12":"instock","13":"featured","14":"shipping-taxable","15":"purchasable","16":"product-type-simple"},"yoast_head":"<!-- This site is optimized with the Yoast SEO plugin v22.8 - https:\/\/yoast.com\/wordpress\/plugins\/seo\/ -->\n<title>RENAULT Arkana 1.6 E-Tech 145ch RS Line - Renault Caudry<\/title>\n<meta name=\"description\" content=\"Votre concessionnaire Renault \u00e0 Caudry. D\u00e9couvrez nos v\u00e9hicules neufs et d&#039;occasion. Chez Renault Tierce, la satisfaction client est garantie.\" \/>\n<meta name=\"robots\" content=\"index, follow, max-snippet:-1, max-image-preview:large, max-video-preview:-1\" \/>\n<link rel=\"canonical\" href=\"https:\/\/renault-caudry.fr\/?product=renault-arkana-1-6-e-tech-145ch-rs-line\" \/>\n<meta property=\"og:locale\" content=\"fr_FR\" \/>\n<meta property=\"og:type\" content=\"article\" \/>\n<meta property=\"og:title\" content=\"RENAULT Arkana 1.6 E-Tech 145ch RS Line - Renault Caudry\" \/>\n<meta property=\"og:description\" content=\"Votre concessionnaire Renault \u00e0 Caudry. D\u00e9couvrez nos v\u00e9hicules neufs et d&#039;occasion. Chez Renault Tierce, la satisfaction client est garantie.\" \/>\n<meta property=\"og:url\" content=\"https:\/\/renault-caudry.fr\/?product=renault-arkana-1-6-e-tech-145ch-rs-line\" \/>\n<meta property=\"og:site_name\" content=\"Renault Caudry\" \/>\n<meta property=\"article:publisher\" content=\"https:\/\/www.facebook.com\/profile.php?id=61553502060505\" \/>\n<meta property=\"article:modified_time\" content=\"2026-04-20T14:23:07+00:00\" \/>\n<meta property=\"og:image\" content=\"https:\/\/renault-caudry.fr\/wp-content\/uploads\/2026\/01\/Photo-en-cours-de-realisation-1.png\" \/>\n\t<meta property=\"og:image:width\" content=\"2000\" \/>\n\t<meta property=\"og:image:height\" content=\"1414\" \/>\n\t<meta property=\"og:image:type\" content=\"image\/png\" \/>\n<meta name=\"twitter:card\" content=\"summary_large_image\" \/>\n<meta name=\"twitter:label1\" content=\"Dur\u00e9e de lecture estim\u00e9e\" \/>\n\t<meta name=\"twitter:data1\" content=\"3 minutes\" \/>\n<script type=\"application\/ld+json\" class=\"yoast-schema-graph\">{\"@context\":\"https:\/\/schema.org\",\"@graph\":[{\"@type\":\"WebPage\",\"@id\":\"https:\/\/renault-caudry.fr\/?product=renault-arkana-1-6-e-tech-145ch-rs-line\",\"url\":\"https:\/\/renault-caudry.fr\/?product=renault-arkana-1-6-e-tech-145ch-rs-line\",\"name\":\"RENAULT Arkana 1.6 E-Tech 145ch RS Line - Renault Caudry\",\"isPartOf\":{\"@id\":\"https:\/\/renault-caudry.fr\/#website\"},\"primaryImageOfPage\":{\"@id\":\"https:\/\/renault-caudry.fr\/?product=renault-arkana-1-6-e-tech-145ch-rs-line#primaryimage\"},\"image\":{\"@id\":\"https:\/\/renault-caudry.fr\/?product=renault-arkana-1-6-e-tech-145ch-rs-line#primaryimage\"},\"thumbnailUrl\":\"https:\/\/renault-caudry.fr\/wp-content\/uploads\/2026\/01\/Photo-en-cours-de-realisation-1.png\",\"datePublished\":\"2026-04-20T13:40:50+00:00\",\"dateModified\":\"2026-04-20T14:23:07+00:00\",\"description\":\"Votre concessionnaire Renault \u00e0 Caudry. D\u00e9couvrez nos v\u00e9hicules neufs et d'occasion. Chez Renault Tierce, la satisfaction client est garantie.\",\"breadcrumb\":{\"@id\":\"https:\/\/renault-caudry.fr\/?product=renault-arkana-1-6-e-tech-145ch-rs-line#breadcrumb\"},\"inLanguage\":\"fr-FR\",\"potentialAction\":[{\"@type\":\"ReadAction\",\"target\":[\"https:\/\/renault-caudry.fr\/?product=renault-arkana-1-6-e-tech-145ch-rs-line\"]}]},{\"@type\":\"ImageObject\",\"inLanguage\":\"fr-FR\",\"@id\":\"https:\/\/renault-caudry.fr\/?product=renault-arkana-1-6-e-tech-145ch-rs-line#primaryimage\",\"url\":\"https:\/\/renault-caudry.fr\/wp-content\/uploads\/2026\/01\/Photo-en-cours-de-realisation-1.png\",\"contentUrl\":\"https:\/\/renault-caudry.fr\/wp-content\/uploads\/2026\/01\/Photo-en-cours-de-realisation-1.png\",\"width\":2000,\"height\":1414},{\"@type\":\"BreadcrumbList\",\"@id\":\"https:\/\/renault-caudry.fr\/?product=renault-arkana-1-6-e-tech-145ch-rs-line#breadcrumb\",\"itemListElement\":[{\"@type\":\"ListItem\",\"position\":1,\"name\":\"Accueil\",\"item\":\"https:\/\/renault-caudry.fr\/\"},{\"@type\":\"ListItem\",\"position\":2,\"name\":\"V\u00e9hicules d&rsquo;occasion\",\"item\":\"https:\/\/renault-caudry.fr\/?page_id=3072\"},{\"@type\":\"ListItem\",\"position\":3,\"name\":\"RENAULT Arkana 1.6 E-Tech 145ch RS Line\"}]},{\"@type\":\"WebSite\",\"@id\":\"https:\/\/renault-caudry.fr\/#website\",\"url\":\"https:\/\/renault-caudry.fr\/\",\"name\":\"Renault Caudry\",\"description\":\"\",\"publisher\":{\"@id\":\"https:\/\/renault-caudry.fr\/#organization\"},\"potentialAction\":[{\"@type\":\"SearchAction\",\"target\":{\"@type\":\"EntryPoint\",\"urlTemplate\":\"https:\/\/renault-caudry.fr\/?s={search_term_string}\"},\"query-input\":\"required name=search_term_string\"}],\"inLanguage\":\"fr-FR\"},{\"@type\":\"Organization\",\"@id\":\"https:\/\/renault-caudry.fr\/#organization\",\"name\":\"Renault Caudry\",\"url\":\"https:\/\/renault-caudry.fr\/\",\"logo\":{\"@type\":\"ImageObject\",\"inLanguage\":\"fr-FR\",\"@id\":\"https:\/\/renault-caudry.fr\/#\/schema\/logo\/image\/\",\"url\":\"https:\/\/renault-caudry.fr\/wp-content\/uploads\/2021\/10\/cropped-Caudry-removebg-preview.png\",\"contentUrl\":\"https:\/\/renault-caudry.fr\/wp-content\/uploads\/2021\/10\/cropped-Caudry-removebg-preview.png\",\"width\":666,\"height\":222,\"caption\":\"Renault Caudry\"},\"image\":{\"@id\":\"https:\/\/renault-caudry.fr\/#\/schema\/logo\/image\/\"},\"sameAs\":[\"https:\/\/www.facebook.com\/profile.php?id=61553502060505\"]}]}<\/script>\n<!-- \/ Yoast SEO plugin. -->","yoast_head_json":{"title":"RENAULT Arkana 1.6 E-Tech 145ch RS Line - Renault Caudry","description":"Votre concessionnaire Renault \u00e0 Caudry. D\u00e9couvrez nos v\u00e9hicules neufs et d'occasion. Chez Renault Tierce, la satisfaction client est garantie.","robots":{"index":"index","follow":"follow","max-snippet":"max-snippet:-1","max-image-preview":"max-image-preview:large","max-video-preview":"max-video-preview:-1"},"canonical":"https:\/\/renault-caudry.fr\/?product=renault-arkana-1-6-e-tech-145ch-rs-line","og_locale":"fr_FR","og_type":"article","og_title":"RENAULT Arkana 1.6 E-Tech 145ch RS Line - Renault Caudry","og_description":"Votre concessionnaire Renault \u00e0 Caudry. D\u00e9couvrez nos v\u00e9hicules neufs et d'occasion. Chez Renault Tierce, la satisfaction client est garantie.","og_url":"https:\/\/renault-caudry.fr\/?product=renault-arkana-1-6-e-tech-145ch-rs-line","og_site_name":"Renault Caudry","article_publisher":"https:\/\/www.facebook.com\/profile.php?id=61553502060505","article_modified_time":"2026-04-20T14:23:07+00:00","og_image":[{"width":2000,"height":1414,"url":"https:\/\/renault-caudry.fr\/wp-content\/uploads\/2026\/01\/Photo-en-cours-de-realisation-1.png","type":"image\/png"}],"twitter_card":"summary_large_image","twitter_misc":{"Dur\u00e9e de lecture estim\u00e9e":"3 minutes"},"schema":{"@context":"https:\/\/schema.org","@graph":[{"@type":"WebPage","@id":"https:\/\/renault-caudry.fr\/?product=renault-arkana-1-6-e-tech-145ch-rs-line","url":"https:\/\/renault-caudry.fr\/?product=renault-arkana-1-6-e-tech-145ch-rs-line","name":"RENAULT Arkana 1.6 E-Tech 145ch RS Line - Renault Caudry","isPartOf":{"@id":"https:\/\/renault-caudry.fr\/#website"},"primaryImageOfPage":{"@id":"https:\/\/renault-caudry.fr\/?product=renault-arkana-1-6-e-tech-145ch-rs-line#primaryimage"},"image":{"@id":"https:\/\/renault-caudry.fr\/?product=renault-arkana-1-6-e-tech-145ch-rs-line#primaryimage"},"thumbnailUrl":"https:\/\/renault-caudry.fr\/wp-content\/uploads\/2026\/01\/Photo-en-cours-de-realisation-1.png","datePublished":"2026-04-20T13:40:50+00:00","dateModified":"2026-04-20T14:23:07+00:00","description":"Votre concessionnaire Renault \u00e0 Caudry. D\u00e9couvrez nos v\u00e9hicules neufs et d'occasion. Chez Renault Tierce, la satisfaction client est garantie.","breadcrumb":{"@id":"https:\/\/renault-caudry.fr\/?product=renault-arkana-1-6-e-tech-145ch-rs-line#breadcrumb"},"inLanguage":"fr-FR","potentialAction":[{"@type":"ReadAction","target":["https:\/\/renault-caudry.fr\/?product=renault-arkana-1-6-e-tech-145ch-rs-line"]}]},{"@type":"ImageObject","inLanguage":"fr-FR","@id":"https:\/\/renault-caudry.fr\/?product=renault-arkana-1-6-e-tech-145ch-rs-line#primaryimage","url":"https:\/\/renault-caudry.fr\/wp-content\/uploads\/2026\/01\/Photo-en-cours-de-realisation-1.png","contentUrl":"https:\/\/renault-caudry.fr\/wp-content\/uploads\/2026\/01\/Photo-en-cours-de-realisation-1.png","width":2000,"height":1414},{"@type":"BreadcrumbList","@id":"https:\/\/renault-caudry.fr\/?product=renault-arkana-1-6-e-tech-145ch-rs-line#breadcrumb","itemListElement":[{"@type":"ListItem","position":1,"name":"Accueil","item":"https:\/\/renault-caudry.fr\/"},{"@type":"ListItem","position":2,"name":"V\u00e9hicules d&rsquo;occasion","item":"https:\/\/renault-caudry.fr\/?page_id=3072"},{"@type":"ListItem","position":3,"name":"RENAULT Arkana 1.6 E-Tech 145ch RS Line"}]},{"@type":"WebSite","@id":"https:\/\/renault-caudry.fr\/#website","url":"https:\/\/renault-caudry.fr\/","name":"Renault Caudry","description":"","publisher":{"@id":"https:\/\/renault-caudry.fr\/#organization"},"potentialAction":[{"@type":"SearchAction","target":{"@type":"EntryPoint","urlTemplate":"https:\/\/renault-caudry.fr\/?s={search_term_string}"},"query-input":"required name=search_term_string"}],"inLanguage":"fr-FR"},{"@type":"Organization","@id":"https:\/\/renault-caudry.fr\/#organization","name":"Renault Caudry","url":"https:\/\/renault-caudry.fr\/","logo":{"@type":"ImageObject","inLanguage":"fr-FR","@id":"https:\/\/renault-caudry.fr\/#\/schema\/logo\/image\/","url":"https:\/\/renault-caudry.fr\/wp-content\/uploads\/2021\/10\/cropped-Caudry-removebg-preview.png","contentUrl":"https:\/\/renault-caudry.fr\/wp-content\/uploads\/2021\/10\/cropped-Caudry-removebg-preview.png","width":666,"height":222,"caption":"Renault Caudry"},"image":{"@id":"https:\/\/renault-caudry.fr\/#\/schema\/logo\/image\/"},"sameAs":["https:\/\/www.facebook.com\/profile.php?id=61553502060505"]}]}},"_links":{"self":[{"href":"https:\/\/renault-caudry.fr\/index.php?rest_route=\/wp\/v2\/product\/7385"}],"collection":[{"href":"https:\/\/renault-caudry.fr\/index.php?rest_route=\/wp\/v2\/product"}],"about":[{"href":"https:\/\/renault-caudry.fr\/index.php?rest_route=\/wp\/v2\/types\/product"}],"wp:featuredmedia":[{"embeddable":true,"href":"https:\/\/renault-caudry.fr\/index.php?rest_route=\/wp\/v2\/media\/6803"}],"wp:attachment":[{"href":"https:\/\/renault-caudry.fr\/index.php?rest_route=%2Fwp%2Fv2%2Fmedia&parent=7385"}],"wp:term":[{"taxonomy":"product_cat","embeddable":true,"href":"https:\/\/renault-caudry.fr\/index.php?rest_route=%2Fwp%2Fv2%2Fproduct_cat&post=7385"},{"taxonomy":"product_tag","embeddable":true,"href":"https:\/\/renault-caudry.fr\/index.php?rest_route=%2Fwp%2Fv2%2Fproduct_tag&post=7385"}],"curies":[{"name":"wp","href":"https:\/\/api.w.org\/{rel}","templated":true}]}}