{"id":7383,"date":"2026-04-20T13:24:27","date_gmt":"2026-04-20T13:24:27","guid":{"rendered":"https:\/\/renault-caudry.fr\/?post_type=product&#038;p=7383"},"modified":"2026-04-21T14:56:42","modified_gmt":"2026-04-21T14:56:42","slug":"dacia-sandero-1-0-eco-g-100ch-essential","status":"publish","type":"product","link":"https:\/\/renault-caudry.fr\/?product=dacia-sandero-1-0-eco-g-100ch-essential","title":{"rendered":"DACIA Sandero 1.0 ECO-G 100ch Essential"},"content":{"rendered":"<h3>DACIA Sandero 1.0 ECO-G 100ch Essential<\/h3>\n<p>&nbsp;<\/p>\n<ul>\n<li class=\"item\"><span class=\"lib\">Marque :<\/span> <span class=\"val\">Dacia<\/span><\/li>\n<li class=\"item\"><span class=\"lib\">Mise en circulation :<\/span> <span class=\"val\">03\/10\/2022<\/span><\/li>\n<li class=\"item\"><span class=\"lib\">Mod\u00e8le :<\/span> <span class=\"val\">Sandero (juin 2022)<\/span><\/li>\n<li class=\"item\"><span class=\"lib\">Version :<\/span> <span class=\"val\">1.0 ECO-G 100ch Essential<\/span><\/li>\n<li class=\"item\"><span class=\"lib\">Kilom\u00e9trage :<\/span> <span class=\"val\">55\u00a0750 km<\/span><\/li>\n<li class=\"item\"><span class=\"lib\">Energie :<\/span> Essence\/<span class=\"val\">Gaz<\/span><\/li>\n<li class=\"item\"><span class=\"lib\">Transmission :<\/span> <span class=\"val\">Manuelle<\/span><\/li>\n<li>Puissance fiscale : 5CV<\/li>\n<li>Cylindr\u00e9e : 999 cm<sup>3<\/sup><\/li>\n<\/ul>\n<p>&nbsp;<\/p>\n<p>Prix : 12 490 \u20ac TTC<\/p>\n<p>Extension de garantie possible<\/p>\n<p>Financement possible de 24 \u00e0 72 mois<\/p>\n<p>Reprise de votre v\u00e9hicule possible<\/p>\n<p>&nbsp;<\/p>\n<h3 class=\"equipementVehicule\"><strong>\u00c9quipements de s\u00e9rie :<\/strong><\/h3>\n<p>&nbsp;<\/p>\n<div class=\"equipementVehicule\">\n<div class=\"equipementVehicule\">\n<div class=\"equipementVehicule\">\n<table class=\"table100\">\n<tbody>\n<tr>\n<td width=\"25%\">2 Haut parleurs<\/td>\n<td width=\"25%\">Bacs de portes arri\u00e8re<\/td>\n<td width=\"25%\">Enjoliveurs<\/td>\n<td width=\"25%\">Radio num\u00e9rique DAB<\/td>\n<\/tr>\n<tr>\n<td width=\"25%\">ABS<\/td>\n<td width=\"25%\">Bacs de portes avant<\/td>\n<td width=\"25%\">Essuie-glace arri\u00e8re<\/td>\n<td width=\"25%\">R\u00e9gulateur de vitesse<\/td>\n<\/tr>\n<tr>\n<td width=\"25%\">Accoudoir central AV<\/td>\n<td width=\"25%\">Banquette 1\/3-2\/3<\/td>\n<td width=\"25%\">Feux de jour \u00e0 LED<\/td>\n<td width=\"25%\">Si\u00e8ge conducteur r\u00e9glable en hauteur<\/td>\n<\/tr>\n<tr>\n<td width=\"25%\">Aide au d\u00e9marrage en c\u00f4te<\/td>\n<td width=\"25%\">Banquette AR rabattable<\/td>\n<td width=\"25%\">Filtre \u00e0 particules<\/td>\n<td width=\"25%\">Tablette cache bagages<\/td>\n<\/tr>\n<tr>\n<td width=\"25%\">Aide au freinage d&rsquo;urgence<\/td>\n<td width=\"25%\">Banquette arri\u00e8re 3 places<\/td>\n<td width=\"25%\">Fixations Isofix aux places arri\u00e8res<\/td>\n<td width=\"25%\">Tissu Essentiel noir et gris<\/td>\n<\/tr>\n<tr>\n<td width=\"25%\">Airbag conducteur<\/td>\n<td width=\"25%\">Becquet arri\u00e8re<\/td>\n<td width=\"25%\">Freinage automatique d&rsquo;urgence<\/td>\n<td width=\"25%\">Troisi\u00e8me ceinture de s\u00e9curit\u00e9<\/td>\n<\/tr>\n<tr>\n<td width=\"25%\">Airbag passager d\u00e9connectable<\/td>\n<td width=\"25%\">Blanc Glacier<\/td>\n<td width=\"25%\">Kit mains-libres Bluetooth<\/td>\n<td width=\"25%\">T\u00e9moin de bouclage ceinture conducteur<\/td>\n<\/tr>\n<tr>\n<td width=\"25%\">Airbags lat\u00e9raux avant<\/td>\n<td width=\"25%\">Boucliers AV et AR couleur caisse<\/td>\n<td width=\"25%\">Limiteur de vitesse<\/td>\n<td width=\"25%\">T\u00e9moin de bouclage des ceintures AV<\/td>\n<\/tr>\n<tr>\n<td width=\"25%\">Airbags rideaux AV et AR<\/td>\n<td width=\"25%\">Commandes du syst\u00e8me audio au volant<\/td>\n<td width=\"25%\">Lunette arri\u00e8re<\/td>\n<td width=\"25%\">Verrouillage auto. des portes en roulant<\/td>\n<\/tr>\n<tr>\n<td width=\"25%\">Antid\u00e9marrage \u00e9lectronique<\/td>\n<td width=\"25%\">Compte tours<\/td>\n<td width=\"25%\">Ordinateur de bord<\/td>\n<td width=\"25%\">Verrouillage centralis\u00e9 \u00e0 distance<\/td>\n<\/tr>\n<tr>\n<td width=\"25%\">Antipatinage<\/td>\n<td width=\"25%\">Configuration 5 places<\/td>\n<td width=\"25%\">Phares avant LED<\/td>\n<td width=\"25%\">Vitres avant \u00e9lectriques<\/td>\n<\/tr>\n<tr>\n<td width=\"25%\">Appel d&rsquo;Urgence Localis\u00e9<\/td>\n<td width=\"25%\">D\u00e9tecteur de sous-gonflage<\/td>\n<td width=\"25%\">Porte-gobelets avant<\/td>\n<td width=\"25%\">Vitres teint\u00e9es<\/td>\n<\/tr>\n<tr>\n<td width=\"25%\">Appui-t\u00eate conducteur r\u00e9glable hauteur<\/td>\n<td width=\"25%\">EBD<\/td>\n<td width=\"25%\">Prise 12V<\/td>\n<td width=\"25%\">Volant r\u00e9glable en hauteur<\/td>\n<\/tr>\n<tr>\n<td width=\"25%\">Arr\u00eat et red\u00e9marrage auto. du moteur<\/td>\n<td width=\"25%\">ESP<\/td>\n<td width=\"25%\">Prise USB<\/td>\n<\/tr>\n<\/tbody>\n<\/table>\n<\/div>\n<\/div>\n<\/div>\n","protected":false},"excerpt":{"rendered":"<p class=\"price\">Descriptions du produit ci-dessous<\/p>\n<p class=\"price\"><span style=\"font-size: 16px;\">Pour tout renseignement, n\u2019h\u00e9sitez pas \u00e0 nous contacter:<\/span><\/p>\n<div class=\"woocommerce-product-details__short-description\">\n<p>PLUVINAGE Philippe : 06.84.18.23.29<\/p>\n<p>Concession Renault Tierce Caudry<\/p>\n<p><a tabindex=\"0\" href=\"https:\/\/www.google.com\/maps\/place\/\/data=!4m2!3m1!1s0x47c29993e5df2d19:0x7510f50791f8892a?sa=X&amp;ved=1t:8290&amp;ictx=111\" data-url=\"\/maps\/place\/\/data=!4m2!3m1!1s0x47c29993e5df2d19:0x7510f50791f8892a?sa=X&amp;ved=2ahUKEwioy5r4ju-EAxUNfKQEHTWSBGcQ4kB6BAgQEAA\" data-jsarwt=\"1\" data-usg=\"AOvVaw0NGIlR47yAi2GUetTrh2kG\" data-ved=\"2ahUKEwioy5r4ju-EAxUNfKQEHTWSBGcQ4kB6BAhPEAM\">57 Rte de Clary, 59540 Caudry<\/a><\/p>\n<p>Lundi au Samedi de 8h00- 12h00, 14h00-18h00<\/p>\n<\/div>\n","protected":false},"featured_media":7534,"template":"","meta":{"site-sidebar-layout":"default","site-content-layout":"","ast-site-content-layout":"default","site-content-style":"default","site-sidebar-style":"default","ast-global-header-display":"","ast-banner-title-visibility":"","ast-main-header-display":"","ast-hfb-above-header-display":"","ast-hfb-below-header-display":"","ast-hfb-mobile-header-display":"","site-post-title":"","ast-breadcrumbs-content":"","ast-featured-img":"","footer-sml-layout":"","theme-transparent-header-meta":"default","adv-header-id-meta":"","stick-header-meta":"","header-above-stick-meta":"","header-main-stick-meta":"","header-below-stick-meta":"","astra-migrate-meta-layouts":"set","ast-page-background-enabled":"default","ast-page-background-meta":{"desktop":{"background-color":"","background-image":"","background-repeat":"repeat","background-position":"center center","background-size":"auto","background-attachment":"scroll","background-type":"","background-media":"","overlay-type":"","overlay-color":"","overlay-opacity":"","overlay-gradient":""},"tablet":{"background-color":"","background-image":"","background-repeat":"repeat","background-position":"center center","background-size":"auto","background-attachment":"scroll","background-type":"","background-media":"","overlay-type":"","overlay-color":"","overlay-opacity":"","overlay-gradient":""},"mobile":{"background-color":"","background-image":"","background-repeat":"repeat","background-position":"center center","background-size":"auto","background-attachment":"scroll","background-type":"","background-media":"","overlay-type":"","overlay-color":"","overlay-opacity":"","overlay-gradient":""}},"ast-content-background-meta":{"desktop":{"background-color":"var(--ast-global-color-5)","background-image":"","background-repeat":"repeat","background-position":"center center","background-size":"auto","background-attachment":"scroll","background-type":"","background-media":"","overlay-type":"","overlay-color":"","overlay-opacity":"","overlay-gradient":""},"tablet":{"background-color":"var(--ast-global-color-5)","background-image":"","background-repeat":"repeat","background-position":"center center","background-size":"auto","background-attachment":"scroll","background-type":"","background-media":"","overlay-type":"","overlay-color":"","overlay-opacity":"","overlay-gradient":""},"mobile":{"background-color":"var(--ast-global-color-5)","background-image":"","background-repeat":"repeat","background-position":"center center","background-size":"auto","background-attachment":"scroll","background-type":"","background-media":"","overlay-type":"","overlay-color":"","overlay-opacity":"","overlay-gradient":""}}},"product_cat":[46],"product_tag":[],"class_list":{"0":"post-7383","1":"product","2":"type-product","3":"status-publish","4":"has-post-thumbnail","6":"product_cat-occasion","7":"desktop-align-left","8":"tablet-align-left","9":"mobile-align-left","11":"first","12":"instock","13":"featured","14":"shipping-taxable","15":"purchasable","16":"product-type-simple"},"yoast_head":"<!-- This site is optimized with the Yoast SEO plugin v22.8 - https:\/\/yoast.com\/wordpress\/plugins\/seo\/ -->\n<title>DACIA Sandero 1.0 ECO-G 100ch Essential - Renault Caudry<\/title>\n<meta name=\"description\" content=\"Votre concessionnaire Renault \u00e0 Caudry. D\u00e9couvrez nos v\u00e9hicules neufs et d&#039;occasion. Chez Renault Tierce, la satisfaction client est garantie.\" \/>\n<meta name=\"robots\" content=\"index, follow, max-snippet:-1, max-image-preview:large, max-video-preview:-1\" \/>\n<link rel=\"canonical\" href=\"https:\/\/renault-caudry.fr\/?product=dacia-sandero-1-0-eco-g-100ch-essential\" \/>\n<meta property=\"og:locale\" content=\"fr_FR\" \/>\n<meta property=\"og:type\" content=\"article\" \/>\n<meta property=\"og:title\" content=\"DACIA Sandero 1.0 ECO-G 100ch Essential - Renault Caudry\" \/>\n<meta property=\"og:description\" content=\"Votre concessionnaire Renault \u00e0 Caudry. D\u00e9couvrez nos v\u00e9hicules neufs et d&#039;occasion. Chez Renault Tierce, la satisfaction client est garantie.\" \/>\n<meta property=\"og:url\" content=\"https:\/\/renault-caudry.fr\/?product=dacia-sandero-1-0-eco-g-100ch-essential\" \/>\n<meta property=\"og:site_name\" content=\"Renault Caudry\" \/>\n<meta property=\"article:publisher\" content=\"https:\/\/www.facebook.com\/profile.php?id=61553502060505\" \/>\n<meta property=\"article:modified_time\" content=\"2026-04-21T14:56:42+00:00\" \/>\n<meta property=\"og:image\" content=\"https:\/\/renault-caudry.fr\/wp-content\/uploads\/2026\/04\/3-6-1024x724.png\" \/>\n\t<meta property=\"og:image:width\" content=\"1024\" \/>\n\t<meta property=\"og:image:height\" content=\"724\" \/>\n\t<meta property=\"og:image:type\" content=\"image\/png\" \/>\n<meta name=\"twitter:card\" content=\"summary_large_image\" \/>\n<meta name=\"twitter:label1\" content=\"Dur\u00e9e de lecture estim\u00e9e\" \/>\n\t<meta name=\"twitter:data1\" content=\"2 minutes\" \/>\n<script type=\"application\/ld+json\" class=\"yoast-schema-graph\">{\"@context\":\"https:\/\/schema.org\",\"@graph\":[{\"@type\":\"WebPage\",\"@id\":\"https:\/\/renault-caudry.fr\/?product=dacia-sandero-1-0-eco-g-100ch-essential\",\"url\":\"https:\/\/renault-caudry.fr\/?product=dacia-sandero-1-0-eco-g-100ch-essential\",\"name\":\"DACIA Sandero 1.0 ECO-G 100ch Essential - Renault Caudry\",\"isPartOf\":{\"@id\":\"https:\/\/renault-caudry.fr\/#website\"},\"primaryImageOfPage\":{\"@id\":\"https:\/\/renault-caudry.fr\/?product=dacia-sandero-1-0-eco-g-100ch-essential#primaryimage\"},\"image\":{\"@id\":\"https:\/\/renault-caudry.fr\/?product=dacia-sandero-1-0-eco-g-100ch-essential#primaryimage\"},\"thumbnailUrl\":\"https:\/\/renault-caudry.fr\/wp-content\/uploads\/2026\/04\/3-6.png\",\"datePublished\":\"2026-04-20T13:24:27+00:00\",\"dateModified\":\"2026-04-21T14:56:42+00:00\",\"description\":\"Votre concessionnaire Renault \u00e0 Caudry. D\u00e9couvrez nos v\u00e9hicules neufs et d'occasion. Chez Renault Tierce, la satisfaction client est garantie.\",\"breadcrumb\":{\"@id\":\"https:\/\/renault-caudry.fr\/?product=dacia-sandero-1-0-eco-g-100ch-essential#breadcrumb\"},\"inLanguage\":\"fr-FR\",\"potentialAction\":[{\"@type\":\"ReadAction\",\"target\":[\"https:\/\/renault-caudry.fr\/?product=dacia-sandero-1-0-eco-g-100ch-essential\"]}]},{\"@type\":\"ImageObject\",\"inLanguage\":\"fr-FR\",\"@id\":\"https:\/\/renault-caudry.fr\/?product=dacia-sandero-1-0-eco-g-100ch-essential#primaryimage\",\"url\":\"https:\/\/renault-caudry.fr\/wp-content\/uploads\/2026\/04\/3-6.png\",\"contentUrl\":\"https:\/\/renault-caudry.fr\/wp-content\/uploads\/2026\/04\/3-6.png\",\"width\":2000,\"height\":1414},{\"@type\":\"BreadcrumbList\",\"@id\":\"https:\/\/renault-caudry.fr\/?product=dacia-sandero-1-0-eco-g-100ch-essential#breadcrumb\",\"itemListElement\":[{\"@type\":\"ListItem\",\"position\":1,\"name\":\"Accueil\",\"item\":\"https:\/\/renault-caudry.fr\/\"},{\"@type\":\"ListItem\",\"position\":2,\"name\":\"V\u00e9hicules d&rsquo;occasion\",\"item\":\"https:\/\/renault-caudry.fr\/?page_id=3072\"},{\"@type\":\"ListItem\",\"position\":3,\"name\":\"DACIA Sandero 1.0 ECO-G 100ch Essential\"}]},{\"@type\":\"WebSite\",\"@id\":\"https:\/\/renault-caudry.fr\/#website\",\"url\":\"https:\/\/renault-caudry.fr\/\",\"name\":\"Renault Caudry\",\"description\":\"\",\"publisher\":{\"@id\":\"https:\/\/renault-caudry.fr\/#organization\"},\"potentialAction\":[{\"@type\":\"SearchAction\",\"target\":{\"@type\":\"EntryPoint\",\"urlTemplate\":\"https:\/\/renault-caudry.fr\/?s={search_term_string}\"},\"query-input\":\"required name=search_term_string\"}],\"inLanguage\":\"fr-FR\"},{\"@type\":\"Organization\",\"@id\":\"https:\/\/renault-caudry.fr\/#organization\",\"name\":\"Renault Caudry\",\"url\":\"https:\/\/renault-caudry.fr\/\",\"logo\":{\"@type\":\"ImageObject\",\"inLanguage\":\"fr-FR\",\"@id\":\"https:\/\/renault-caudry.fr\/#\/schema\/logo\/image\/\",\"url\":\"https:\/\/renault-caudry.fr\/wp-content\/uploads\/2021\/10\/cropped-Caudry-removebg-preview.png\",\"contentUrl\":\"https:\/\/renault-caudry.fr\/wp-content\/uploads\/2021\/10\/cropped-Caudry-removebg-preview.png\",\"width\":666,\"height\":222,\"caption\":\"Renault Caudry\"},\"image\":{\"@id\":\"https:\/\/renault-caudry.fr\/#\/schema\/logo\/image\/\"},\"sameAs\":[\"https:\/\/www.facebook.com\/profile.php?id=61553502060505\"]}]}<\/script>\n<!-- \/ Yoast SEO plugin. -->","yoast_head_json":{"title":"DACIA Sandero 1.0 ECO-G 100ch Essential - Renault Caudry","description":"Votre concessionnaire Renault \u00e0 Caudry. D\u00e9couvrez nos v\u00e9hicules neufs et d'occasion. Chez Renault Tierce, la satisfaction client est garantie.","robots":{"index":"index","follow":"follow","max-snippet":"max-snippet:-1","max-image-preview":"max-image-preview:large","max-video-preview":"max-video-preview:-1"},"canonical":"https:\/\/renault-caudry.fr\/?product=dacia-sandero-1-0-eco-g-100ch-essential","og_locale":"fr_FR","og_type":"article","og_title":"DACIA Sandero 1.0 ECO-G 100ch Essential - Renault Caudry","og_description":"Votre concessionnaire Renault \u00e0 Caudry. D\u00e9couvrez nos v\u00e9hicules neufs et d'occasion. Chez Renault Tierce, la satisfaction client est garantie.","og_url":"https:\/\/renault-caudry.fr\/?product=dacia-sandero-1-0-eco-g-100ch-essential","og_site_name":"Renault Caudry","article_publisher":"https:\/\/www.facebook.com\/profile.php?id=61553502060505","article_modified_time":"2026-04-21T14:56:42+00:00","og_image":[{"width":1024,"height":724,"url":"https:\/\/renault-caudry.fr\/wp-content\/uploads\/2026\/04\/3-6-1024x724.png","type":"image\/png"}],"twitter_card":"summary_large_image","twitter_misc":{"Dur\u00e9e de lecture estim\u00e9e":"2 minutes"},"schema":{"@context":"https:\/\/schema.org","@graph":[{"@type":"WebPage","@id":"https:\/\/renault-caudry.fr\/?product=dacia-sandero-1-0-eco-g-100ch-essential","url":"https:\/\/renault-caudry.fr\/?product=dacia-sandero-1-0-eco-g-100ch-essential","name":"DACIA Sandero 1.0 ECO-G 100ch Essential - Renault Caudry","isPartOf":{"@id":"https:\/\/renault-caudry.fr\/#website"},"primaryImageOfPage":{"@id":"https:\/\/renault-caudry.fr\/?product=dacia-sandero-1-0-eco-g-100ch-essential#primaryimage"},"image":{"@id":"https:\/\/renault-caudry.fr\/?product=dacia-sandero-1-0-eco-g-100ch-essential#primaryimage"},"thumbnailUrl":"https:\/\/renault-caudry.fr\/wp-content\/uploads\/2026\/04\/3-6.png","datePublished":"2026-04-20T13:24:27+00:00","dateModified":"2026-04-21T14:56:42+00:00","description":"Votre concessionnaire Renault \u00e0 Caudry. D\u00e9couvrez nos v\u00e9hicules neufs et d'occasion. Chez Renault Tierce, la satisfaction client est garantie.","breadcrumb":{"@id":"https:\/\/renault-caudry.fr\/?product=dacia-sandero-1-0-eco-g-100ch-essential#breadcrumb"},"inLanguage":"fr-FR","potentialAction":[{"@type":"ReadAction","target":["https:\/\/renault-caudry.fr\/?product=dacia-sandero-1-0-eco-g-100ch-essential"]}]},{"@type":"ImageObject","inLanguage":"fr-FR","@id":"https:\/\/renault-caudry.fr\/?product=dacia-sandero-1-0-eco-g-100ch-essential#primaryimage","url":"https:\/\/renault-caudry.fr\/wp-content\/uploads\/2026\/04\/3-6.png","contentUrl":"https:\/\/renault-caudry.fr\/wp-content\/uploads\/2026\/04\/3-6.png","width":2000,"height":1414},{"@type":"BreadcrumbList","@id":"https:\/\/renault-caudry.fr\/?product=dacia-sandero-1-0-eco-g-100ch-essential#breadcrumb","itemListElement":[{"@type":"ListItem","position":1,"name":"Accueil","item":"https:\/\/renault-caudry.fr\/"},{"@type":"ListItem","position":2,"name":"V\u00e9hicules d&rsquo;occasion","item":"https:\/\/renault-caudry.fr\/?page_id=3072"},{"@type":"ListItem","position":3,"name":"DACIA Sandero 1.0 ECO-G 100ch Essential"}]},{"@type":"WebSite","@id":"https:\/\/renault-caudry.fr\/#website","url":"https:\/\/renault-caudry.fr\/","name":"Renault Caudry","description":"","publisher":{"@id":"https:\/\/renault-caudry.fr\/#organization"},"potentialAction":[{"@type":"SearchAction","target":{"@type":"EntryPoint","urlTemplate":"https:\/\/renault-caudry.fr\/?s={search_term_string}"},"query-input":"required name=search_term_string"}],"inLanguage":"fr-FR"},{"@type":"Organization","@id":"https:\/\/renault-caudry.fr\/#organization","name":"Renault Caudry","url":"https:\/\/renault-caudry.fr\/","logo":{"@type":"ImageObject","inLanguage":"fr-FR","@id":"https:\/\/renault-caudry.fr\/#\/schema\/logo\/image\/","url":"https:\/\/renault-caudry.fr\/wp-content\/uploads\/2021\/10\/cropped-Caudry-removebg-preview.png","contentUrl":"https:\/\/renault-caudry.fr\/wp-content\/uploads\/2021\/10\/cropped-Caudry-removebg-preview.png","width":666,"height":222,"caption":"Renault Caudry"},"image":{"@id":"https:\/\/renault-caudry.fr\/#\/schema\/logo\/image\/"},"sameAs":["https:\/\/www.facebook.com\/profile.php?id=61553502060505"]}]}},"_links":{"self":[{"href":"https:\/\/renault-caudry.fr\/index.php?rest_route=\/wp\/v2\/product\/7383"}],"collection":[{"href":"https:\/\/renault-caudry.fr\/index.php?rest_route=\/wp\/v2\/product"}],"about":[{"href":"https:\/\/renault-caudry.fr\/index.php?rest_route=\/wp\/v2\/types\/product"}],"wp:featuredmedia":[{"embeddable":true,"href":"https:\/\/renault-caudry.fr\/index.php?rest_route=\/wp\/v2\/media\/7534"}],"wp:attachment":[{"href":"https:\/\/renault-caudry.fr\/index.php?rest_route=%2Fwp%2Fv2%2Fmedia&parent=7383"}],"wp:term":[{"taxonomy":"product_cat","embeddable":true,"href":"https:\/\/renault-caudry.fr\/index.php?rest_route=%2Fwp%2Fv2%2Fproduct_cat&post=7383"},{"taxonomy":"product_tag","embeddable":true,"href":"https:\/\/renault-caudry.fr\/index.php?rest_route=%2Fwp%2Fv2%2Fproduct_tag&post=7383"}],"curies":[{"name":"wp","href":"https:\/\/api.w.org\/{rel}","templated":true}]}}